{"id":120,"date":"2018-06-03T12:28:14","date_gmt":"2018-06-03T12:28:14","guid":{"rendered":"http:\/\/klavierlehrerfortbildung.de\/?page_id=120"},"modified":"2018-06-04T18:49:12","modified_gmt":"2018-06-04T18:49:12","slug":"datenschutzerklaerung","status":"publish","type":"page","link":"https:\/\/klavierlehrerfortbildung.de\/?page_id=120","title":{"rendered":"Datenschutzerkl\u00e4rung"},"content":{"rendered":"<p>Personenbezogene Daten (nachfolgend zumeist nur \u201eDaten\u201c genannt) werden von uns nur im Rahmen der Erforderlichkeit sowie zum Zwecke der Bereitstellung eines funktionsf\u00e4higen und nutzerfreundlichen Internetauftritts, inklusive seiner Inhalte und der dort angebotenen Leistungen, verarbeitet.<\/p>\n<p>Gem\u00e4\u00df Art. 4 Ziffer 1. der Verordnung (EU) 2016\/679, also der Datenschutz-Grundverordnung (nachfolgend nur \u201eDSGVO\u201c genannt), gilt als \u201eVerarbeitung\u201c jeder mit oder ohne Hilfe automatisierter Verfahren ausgef\u00fchrter Vorgang oder jede solche Vorgangsreihe im Zusammenhang mit personenbezogenen Daten, wie das Erheben, das Erfassen, die Organisation, das Ordnen, die Speicherung, die Anpassung oder Ver\u00e4nderung, das Auslesen, das Abfragen, die Verwendung, die Offenlegung durch \u00dcbermittlung, Verbreitung oder eine andere Form der Bereitstellung, den Abgleich oder die Verkn\u00fcpfung, die Einschr\u00e4nkung, das L\u00f6schen oder die Vernichtung.<\/p>\n<p>Mit der nachfolgenden Datenschutzerkl\u00e4rung informieren wir Sie insbesondere \u00fcber Art, Umfang, Zweck, Dauer und Rechtsgrundlage der Verarbeitung personenbezogener Daten, soweit wir entweder allein oder gemeinsam mit anderen \u00fcber die Zwecke und Mittel der Verarbeitung entscheiden. Zudem informieren wir Sie nachfolgend \u00fcber die von uns zu Optimierungszwecken sowie zur Steigerung der Nutzungsqualit\u00e4t eingesetzten Fremdkomponenten, soweit hierdurch Dritte Daten in wiederum eigener Verantwortung verarbeiten.<\/p>\n<p>Unsere Datenschutzerkl\u00e4rung ist wie folgt gegliedert:<\/p>\n<p>I. Informationen \u00fcber uns als Verantwortliche<br \/>\nII. Rechte der Nutzer und Betroffenen<br \/>\nIII. Informationen zur Datenverarbeitung<\/p>\n<h3>I. Informationen \u00fcber uns als Verantwortliche<\/h3>\n<p>Verantwortlicher Anbieter dieses Internetauftritts im datenschutzrechtlichen Sinne ist:<\/p>\n<p><strong>Sabine Sch\u00e4fer<\/strong><\/p>\n<p>Studio PRO KREATIV<br \/>\nSabine Sch\u00e4fer<br \/>\nLiegnitzer Str. 4 b<br \/>\n76139 Karlsruhe<\/p>\n<p>Phone: + 49 \u2013 (0)721 \u2013 684 514<\/p>\n<p>Email: <a href=\"mailto:kreativ-unterrichten@sabineschaefer.de\">kreativ-unterrichten@sabineschaefer.de<\/a><\/p>\n<h3>II. Rechte der Nutzer und Betroffenen<\/h3>\n<p>Mit Blick auf die nachfolgend noch n\u00e4her beschriebene Datenverarbeitung haben die Nutzer und Betroffenen das Recht<\/p>\n<ul>\n<li>auf Best\u00e4tigung, ob sie betreffende Daten verarbeitet werden, auf Auskunft \u00fcber die verarbeiteten Daten, auf weitere Informationen \u00fcber die Datenverarbeitung sowie auf Kopien der Daten (vgl. auch Art. 15 DSGVO);<\/li>\n<li>auf Berichtigung oder Vervollst\u00e4ndigung unrichtiger bzw. unvollst\u00e4ndiger Daten (vgl. auch Art. 16 DSGVO);<\/li>\n<li>auf unverz\u00fcgliche L\u00f6schung der sie betreffenden Daten (vgl. auch Art. 17 DSGVO), oder, alternativ, soweit eine weitere Verarbeitung gem\u00e4\u00df Art. 17 Abs. 3 DSGVO erforderlich ist, auf Einschr\u00e4nkung der Verarbeitung nach Ma\u00dfgabe von Art. 18 DSGVO;<\/li>\n<li>auf Erhalt der sie betreffenden und von ihnen bereitgestellten Daten und auf \u00dcbermittlung dieser Daten an andere Anbieter\/Verantwortliche (vgl. auch Art. 20 DSGVO);<\/li>\n<li>auf Beschwerde gegen\u00fcber der Aufsichtsbeh\u00f6rde, sofern sie der Ansicht sind, dass die sie betreffenden Daten durch den Anbieter unter Versto\u00df gegen datenschutzrechtliche Bestimmungen verarbeitet werden (vgl. auch Art. 77 DSGVO).<\/li>\n<\/ul>\n<p>Dar\u00fcber hinaus ist der Anbieter dazu verpflichtet, alle Empf\u00e4nger, denen gegen\u00fcber Daten durch den Anbieter offengelegt worden sind, \u00fcber jedwede Berichtigung oder L\u00f6schung von Daten oder die Einschr\u00e4nkung der Verarbeitung, die aufgrund der Artikel 16, 17 Abs. 1, 18 DSGVO erfolgt, zu unterrichten. Diese Verpflichtung besteht jedoch nicht, soweit diese Mitteilung unm\u00f6glich oder mit einem unverh\u00e4ltnism\u00e4\u00dfigen Aufwand verbunden ist. Unbeschadet dessen hat der Nutzer ein Recht auf Auskunft \u00fcber diese Empf\u00e4nger.<\/p>\n<p><strong>Ebenfalls haben die Nutzer und Betroffenen nach Art. 21 DSGVO das Recht auf Widerspruch gegen die k\u00fcnftige Verarbeitung der sie betreffenden Daten, sofern die Daten durch den Anbieter nach Ma\u00dfgabe von Art. 6 Abs. 1 lit. f) DSGVO verarbeitet werden. Insbesondere ist ein Widerspruch gegen die Datenverarbeitung zum Zwecke der Direktwerbung statthaft.<\/strong><\/p>\n<h3>III. Informationen zur Datenverarbeitung<\/h3>\n<p>Ihre bei Nutzung unseres Internetauftritts verarbeiteten Daten werden gel\u00f6scht oder gesperrt, sobald der Zweck der Speicherung entf\u00e4llt, der L\u00f6schung der Daten keine gesetzlichen Aufbewahrungspflichten entgegenstehen und nachfolgend keine anderslautenden Angaben zu einzelnen Verarbeitungsverfahren gemacht werden.<\/p>\n<h4>Kontaktanfragen \/ Kontaktm\u00f6glichkeit<\/h4>\n<p>Sofern Sie per Kontaktformular oder E-Mail mit uns in Kontakt treten, werden die dabei von Ihnen angegebenen Daten zur Bearbeitung Ihrer Anfrage genutzt. Die Angabe der Daten ist zur Bearbeitung und Beantwortung Ihre Anfrage erforderlich &#8211; ohne deren Bereitstellung k\u00f6nnen wir Ihre Anfrage nicht oder allenfalls eingeschr\u00e4nkt beantworten.<\/p>\n<p>Rechtsgrundlage f\u00fcr diese Verarbeitung ist Art. 6 Abs. 1 lit. b) DSGVO.<\/p>\n<p>Ihre Daten werden gel\u00f6scht, sofern Ihre Anfrage abschlie\u00dfend beantwortet worden ist und der L\u00f6schung keine gesetzlichen Aufbewahrungspflichten entgegenstehen, wie bspw. bei einer sich etwaig anschlie\u00dfenden Vertragsabwicklung.<\/p>\n<h4>YouTube<\/h4>\n<p>In unserem Internetauftritt setzen wir YouTube ein. Hierbei handelt es sich um ein Videoportal der YouTube LLC., 901 Cherry Ave., 94066 San Bruno, CA, USA, nachfolgend nur \u201eYouTube\u201c genannt.<\/p>\n<p>YouTube ist ein Tochterunternehmen der Google LLC., 1600 Amphitheatre Parkway, Mountain View, CA 94043 USA, nachfolgend nur \u201eGoogle\u201c genannt.<\/p>\n<p>Durch die Zertifizierung nach dem EU-US-Datenschutzschild (\u201eEU-US Privacy Shield\u201c)<\/p>\n<p><a href=\"https:\/\/www.privacyshield.gov\/participant?id=a2zt000000001L5AAI&amp;status=Active\" target=\"_blank\" rel=\"noopener\">https:\/\/www.privacyshield.gov\/participant?id=a2zt000000001L5AAI&amp;status=Active<\/a><\/p>\n<p>garantiert Google und damit auch das Tochterunternehmen YouTube, dass die Datenschutzvorgaben der EU auch bei der Verarbeitung von Daten in den USA eingehalten werden.<\/p>\n<p>Wir nutzen YouTube im Zusammenhang mit der Funktion \u201eErweiterter Datenschutzmodus\u201c, um Ihnen Videos anzeigen zu k\u00f6nnen. Rechtsgrundlage ist Art. 6 Abs. 1 lit. f) DSGVO. Unser berechtigtes Interesse liegt in der Qualit\u00e4tsverbesserung unseres Internetauftritts. Die Funktion \u201eErweiterter Datenschutzmodus\u201c bewirkt laut Angaben von YouTube, dass die nachfolgend noch n\u00e4her bezeichneten Daten nur dann an den Server von YouTube \u00fcbermittelt werden, wenn Sie ein Video auch tats\u00e4chlich starten.<\/p>\n<p>Ohne diesen \u201eErweiterten Datenschutz\u201c wird eine Verbindung zum Server von YouTube in den USA hergestellt, sobald Sie eine unserer Internetseiten, auf der ein YouTube-Video eingebettet ist, aufrufen.<\/p>\n<p>Diese Verbindung ist erforderlich, um das jeweilige Video auf unserer Internetseite \u00fcber Ihren Internet-Browser darstellen zu k\u00f6nnen. Im Zuge dessen wird YouTube zumindest Ihre IP-Adresse, das Datum nebst Uhrzeit sowie die von Ihnen besuchte Internetseite erfassen und verarbeiten. Zudem wird eine Verbindung zu dem Werbenetzwerk \u201eDoubleClick\u201c von Google hergestellt.<\/p>\n<p>Sollten Sie gleichzeitig bei YouTube eingeloggt sein, weist YouTube die Verbindungsinformationen Ihrem YouTube-Konto zu. Wenn Sie das verhindern m\u00f6chten, m\u00fcssen Sie sich entweder vor dem Besuch unseres Internetauftritts bei YouTube ausloggen oder die entsprechenden Einstellungen in Ihrem YouTube-Benutzerkonto vornehmen.<\/p>\n<p>Zum Zwecke der Funktionalit\u00e4t sowie zur Analyse des Nutzungsverhaltens speichert YouTube dauerhaft Cookies \u00fcber Ihren Internet-Browser auf Ihrem Endger\u00e4t. Falls Sie mit dieser Verarbeitung nicht einverstanden sind, haben Sie die M\u00f6glichkeit, die Speicherung der Cookies durch eine Einstellung in Ihrem Internet-Browsers zu verhindern. N\u00e4here Informationen hierzu finden Sie vorstehend unter \u201eCookies\u201c.<\/p>\n<p>Weitergehende Informationen \u00fcber die Erhebung und Nutzung von Daten sowie Ihre diesbez\u00fcglichen Rechte und Schutzm\u00f6glichkeiten h\u00e4lt Google in den unter<\/p>\n<p><a href=\"https:\/\/policies.google.com\/privacy\" target=\"_blank\" rel=\"noopener\">https:\/\/policies.google.com\/privacy<\/a><\/p>\n<p>abrufbaren Datenschutzhinweisen bereit.<\/p>\n<p><a href=\"https:\/\/www.ratgeberrecht.eu\/leistungen\/muster-datenschutzerklaerung.html\" target=\"_blank\" rel=\"noopener\">Muster-Datenschutzerkl\u00e4rung<\/a> der <a href=\"https:\/\/www.ratgeberrecht.eu\/\" target=\"_blank\" rel=\"noopener\">Anwaltskanzlei Wei\u00df &amp; Partner<\/a><\/p>\n","protected":false},"excerpt":{"rendered":"<p>Personenbezogene Daten (nachfolgend zumeist nur \u201eDaten\u201c genannt) werden von uns nur im Rahmen der Erforderlichkeit sowie zum Zwecke der Bereitstellung eines funktionsf\u00e4higen und nutzerfreundlichen Internetauftritts, inklusive seiner&hellip; <span class=\"read-more\"><a class=\"more-link\" href=\"https:\/\/klavierlehrerfortbildung.de\/?page_id=120\" rel=\"bookmark\"><span class=\"screen-reader-text\">&#8222;Datenschutzerkl\u00e4rung&#8220;<\/span> weiterlesen<\/a><\/span><\/p>\n","protected":false},"author":1,"featured_media":0,"parent":0,"menu_order":0,"comment_status":"closed","ping_status":"closed","template":"","meta":{"footnotes":""},"class_list":["post-120","page","type-page","status-publish","hentry"],"jetpack_sharing_enabled":true,"_links":{"self":[{"href":"https:\/\/klavierlehrerfortbildung.de\/index.php?rest_route=\/wp\/v2\/pages\/120","targetHints":{"allow":["GET"]}}],"collection":[{"href":"https:\/\/klavierlehrerfortbildung.de\/index.php?rest_route=\/wp\/v2\/pages"}],"about":[{"href":"https:\/\/klavierlehrerfortbildung.de\/index.php?rest_route=\/wp\/v2\/types\/page"}],"author":[{"embeddable":true,"href":"https:\/\/klavierlehrerfortbildung.de\/index.php?rest_route=\/wp\/v2\/users\/1"}],"replies":[{"embeddable":true,"href":"https:\/\/klavierlehrerfortbildung.de\/index.php?rest_route=%2Fwp%2Fv2%2Fcomments&post=120"}],"version-history":[{"count":4,"href":"https:\/\/klavierlehrerfortbildung.de\/index.php?rest_route=\/wp\/v2\/pages\/120\/revisions"}],"predecessor-version":[{"id":132,"href":"https:\/\/klavierlehrerfortbildung.de\/index.php?rest_route=\/wp\/v2\/pages\/120\/revisions\/132"}],"wp:attachment":[{"href":"https:\/\/klavierlehrerfortbildung.de\/index.php?rest_route=%2Fwp%2Fv2%2Fmedia&parent=120"}],"curies":[{"name":"wp","href":"https:\/\/api.w.org\/{rel}","templated":true}]}}