{"id":26,"date":"2018-02-18T16:36:21","date_gmt":"2018-02-18T16:36:21","guid":{"rendered":"http:\/\/klavierlehrerfortbildung.de\/?page_id=26"},"modified":"2018-02-18T16:36:21","modified_gmt":"2018-02-18T16:36:21","slug":"intentionen","status":"publish","type":"page","link":"https:\/\/klavierlehrerfortbildung.de\/?page_id=26","title":{"rendered":"Intentionen"},"content":{"rendered":"<p>Aufgrund meiner langj\u00e4hrigen T\u00e4tigkeit, seit 1989, an der Hochschule f\u00fcr Musik in Karlsruhe entwickelte ich das Konzept f\u00fcr dieses Seminar. Es ist aus der praktischen Arbeit mit meinen Studierenden heraus entstanden und der Erkenntnis, dass viele theoretisch- und praktisch-methodische Inhalte direkt in die eigene Unterrichtspraxis umgesetzt werden k\u00f6nnen, wenn dem Lehrenden die Vernetzung elementarer Grundprinzipien bekannt sind.<\/p>\n<p>Zwei \u00fcbergeordnete Themenbereiche habe ich ausgew\u00e4hlt und f\u00fcr dieses Seminar so aufbereitet, dass Sie, werte Klavierp\u00e4dagogen und -p\u00e4dagoginnen, inspiriert werden sollen, diese Strategien in der eigenen Unterrichtspraxis kreativ anzuwenden:<\/p>\n<ul>\n<li>Die Notwendigkeit jede Klavierschule spezifisch f\u00fcr den Sch\u00fcler anzupassen, erfordert die F\u00e4higkeit jedes Klavierp\u00e4dagogen, die Aufgabenstellungen individuell zu gestalten. Diese F\u00e4higkeit kann \u201etrainiert\u201c werden.<\/li>\n<li>Die vergleichenden Studien verschiedener Klavierschulen zeigen \u00fcbereinstimmende Praktiken in der Vermittlung elementarer Kenntnisse des Klavierspielens. Das Kennenlernen der zugrunde liegenden Prinzipien inspiriert verst\u00e4rkt zur Bildung einer eigenen Anf\u00e4ngermethodik und zur Gestaltung eines lebendigen Unterrichts.<\/li>\n<\/ul>\n<p style=\"text-align: right;\">Dipl. Mus.p\u00e4d. Sabine Sch\u00e4fer<\/p>\n","protected":false},"excerpt":{"rendered":"<p>Aufgrund meiner langj\u00e4hrigen T\u00e4tigkeit, seit 1989, an der Hochschule f\u00fcr Musik in Karlsruhe entwickelte ich das Konzept f\u00fcr dieses Seminar. Es ist aus der praktischen Arbeit mit&hellip; <span class=\"read-more\"><a class=\"more-link\" href=\"https:\/\/klavierlehrerfortbildung.de\/?page_id=26\" rel=\"bookmark\"><span class=\"screen-reader-text\">&#8222;Intentionen&#8220;<\/span> weiterlesen<\/a><\/span><\/p>\n","protected":false},"author":1,"featured_media":0,"parent":0,"menu_order":0,"comment_status":"closed","ping_status":"closed","template":"","meta":{"footnotes":""},"class_list":["post-26","page","type-page","status-publish","hentry"],"jetpack_sharing_enabled":true,"_links":{"self":[{"href":"https:\/\/klavierlehrerfortbildung.de\/index.php?rest_route=\/wp\/v2\/pages\/26","targetHints":{"allow":["GET"]}}],"collection":[{"href":"https:\/\/klavierlehrerfortbildung.de\/index.php?rest_route=\/wp\/v2\/pages"}],"about":[{"href":"https:\/\/klavierlehrerfortbildung.de\/index.php?rest_route=\/wp\/v2\/types\/page"}],"author":[{"embeddable":true,"href":"https:\/\/klavierlehrerfortbildung.de\/index.php?rest_route=\/wp\/v2\/users\/1"}],"replies":[{"embeddable":true,"href":"https:\/\/klavierlehrerfortbildung.de\/index.php?rest_route=%2Fwp%2Fv2%2Fcomments&post=26"}],"version-history":[{"count":2,"href":"https:\/\/klavierlehrerfortbildung.de\/index.php?rest_route=\/wp\/v2\/pages\/26\/revisions"}],"predecessor-version":[{"id":28,"href":"https:\/\/klavierlehrerfortbildung.de\/index.php?rest_route=\/wp\/v2\/pages\/26\/revisions\/28"}],"wp:attachment":[{"href":"https:\/\/klavierlehrerfortbildung.de\/index.php?rest_route=%2Fwp%2Fv2%2Fmedia&parent=26"}],"curies":[{"name":"wp","href":"https:\/\/api.w.org\/{rel}","templated":true}]}}