{"id":37,"date":"2018-02-18T16:45:52","date_gmt":"2018-02-18T16:45:52","guid":{"rendered":"http:\/\/klavierlehrerfortbildung.de\/?page_id=37"},"modified":"2018-02-18T16:47:14","modified_gmt":"2018-02-18T16:47:14","slug":"ursula-euteneuer-rohrer","status":"publish","type":"page","link":"https:\/\/klavierlehrerfortbildung.de\/?page_id=37","title":{"rendered":"Ursula Euteneuer-Rohrer"},"content":{"rendered":"<p>wurde am 26. April 1953 in Karlsruhe geboren. Mit 11 Jahren entstanden erste Kompositionen. Studium an der Musikhochschule Karlsruhe (Klavier bei Prof. Rybing und Seidemann, Kompos. bei Prof. E. W. Velte); 1976 SMP Musiktheorie, 1978 SMP Klavier, 1981 Konzertexamen Komposition. 1976, 1978 und 1982 Stipendiatin der Darmst\u00e4dter Ferienkurse f\u00fcr Neue Musik, u. a. bei Karlheinz Stockhausen und Gy\u00f6rgy Ligeti. 1976 und 1980 Tutorat (Musiktheorie) an der Musikhochschule Karlsruhe.<\/p>\n<p>1993-2013 \u00a0Lehrerin am Badischen Konservatorium Karlsruhe f\u00fcr Klavier, Musiktheorie und Komposition.<\/p>\n<p>1989 \u00a03. Preis beim Internationalen Fanny \u2013 Mendelssohn \u2013 Wettbewerb Unna; 1. F\u00f6rderpreis beim Internationalen Wettbewerb f\u00fcr Komponistinnen der GEDOK in Mannheim. 1989, 1990 Stipendiatin bei Isang Yun, Musia Viva, Pforzheim. Rundfunk- ,Schallplatten- und CD \u2013 Produktionen, Konzertreisen, Publikationen zur Neuen Musik und Ver\u00f6ffentlichungen eigener Werke.<\/p>\n<p>Inspiriert durch die Zusammenarbeit mit dem Schlagzeuger Manfred Rohrer entstanden u. a. zahlreiche Kompositionen f\u00fcr verschiedenartige Schlagzeugbesetzungen. Seit 2004 k\u00fcnstlerische Zusammenarbeit mit der S\u00e4ngerin Rita Huber (Freie- und Konzeptimprovisationen). Seit 2009 Zusammenarbeit mit der Gruppe \u201eMusik trifft Kunst\u201c. Seit 2010 Zusammenarbeit mit der Gruppe \u201eKunst an der Plakatwand\u201c, f\u00fcr deren Vernissagen eigens Kompositionen entstanden sind. 2012 Urauff\u00fchrung des Werkes \u201eFin\u201c (Europ\u00e4ische Kulturtage Karlsruhe)<\/p>\n<p>Seit 2006 sind in den Frankfurter Museumsbibliotheken im Archiv \u201eFrau und Musik\u201c eigene Kompositionen archiviert. Bei folgenden Verlagen sind bisher Werke erschienen: Wolfgang G. Haas \u2013 Musikverlag, K\u00f6ln \/ Beurskens Muziekuitgeverij, Maasbree (NL) \/ Verlag Purzelbaum, Friedberg \/ R. Gr\u00fcnwald Verlag, Hanau. Seit 2012 sind alle Werke von Ursula Euteneuer-Rohrer in der Badischen Landesbibliothek Karlsruhe archiviert. Weitere Informationen zur K\u00fcnstlerin auf der Homepage der <a href=\"http:\/\/www.blb-karlsruhe.de\/blb\/blbhtml\/besondere-bestaende\/musik\/euteneuer.php\">Badischen Landesbibliothek<\/a><\/p>\n<figure id=\"attachment_39\" aria-describedby=\"caption-attachment-39\" style=\"width: 337px\" class=\"wp-caption alignnone\"><img loading=\"lazy\" decoding=\"async\" class=\"size-full wp-image-39\" src=\"http:\/\/klavierlehrerfortbildung.de\/wp-content\/uploads\/2018\/02\/33876077.jpg\" alt=\"Ursula Euteneuer-Rohrer\" width=\"337\" height=\"450\" srcset=\"https:\/\/klavierlehrerfortbildung.de\/wp-content\/uploads\/2018\/02\/33876077.jpg 337w, https:\/\/klavierlehrerfortbildung.de\/wp-content\/uploads\/2018\/02\/33876077-225x300.jpg 225w, https:\/\/klavierlehrerfortbildung.de\/wp-content\/uploads\/2018\/02\/33876077-150x200.jpg 150w\" sizes=\"auto, (max-width: 337px) 100vw, 337px\" \/><figcaption id=\"caption-attachment-39\" class=\"wp-caption-text\">Ursula Euteneuer-Rohrer<\/figcaption><\/figure>\n","protected":false},"excerpt":{"rendered":"<p>wurde am 26. April 1953 in Karlsruhe geboren. Mit 11 Jahren entstanden erste Kompositionen. Studium an der Musikhochschule Karlsruhe (Klavier bei Prof. Rybing und Seidemann, Kompos. bei&hellip; <span class=\"read-more\"><a class=\"more-link\" href=\"https:\/\/klavierlehrerfortbildung.de\/?page_id=37\" rel=\"bookmark\"><span class=\"screen-reader-text\">&#8222;Ursula Euteneuer-Rohrer&#8220;<\/span> weiterlesen<\/a><\/span><\/p>\n","protected":false},"author":1,"featured_media":0,"parent":0,"menu_order":0,"comment_status":"closed","ping_status":"closed","template":"","meta":{"footnotes":""},"class_list":["post-37","page","type-page","status-publish","hentry"],"jetpack_sharing_enabled":true,"_links":{"self":[{"href":"https:\/\/klavierlehrerfortbildung.de\/index.php?rest_route=\/wp\/v2\/pages\/37","targetHints":{"allow":["GET"]}}],"collection":[{"href":"https:\/\/klavierlehrerfortbildung.de\/index.php?rest_route=\/wp\/v2\/pages"}],"about":[{"href":"https:\/\/klavierlehrerfortbildung.de\/index.php?rest_route=\/wp\/v2\/types\/page"}],"author":[{"embeddable":true,"href":"https:\/\/klavierlehrerfortbildung.de\/index.php?rest_route=\/wp\/v2\/users\/1"}],"replies":[{"embeddable":true,"href":"https:\/\/klavierlehrerfortbildung.de\/index.php?rest_route=%2Fwp%2Fv2%2Fcomments&post=37"}],"version-history":[{"count":3,"href":"https:\/\/klavierlehrerfortbildung.de\/index.php?rest_route=\/wp\/v2\/pages\/37\/revisions"}],"predecessor-version":[{"id":41,"href":"https:\/\/klavierlehrerfortbildung.de\/index.php?rest_route=\/wp\/v2\/pages\/37\/revisions\/41"}],"wp:attachment":[{"href":"https:\/\/klavierlehrerfortbildung.de\/index.php?rest_route=%2Fwp%2Fv2%2Fmedia&parent=37"}],"curies":[{"name":"wp","href":"https:\/\/api.w.org\/{rel}","templated":true}]}}