{"id":50,"date":"2018-02-18T16:54:35","date_gmt":"2018-02-18T16:54:35","guid":{"rendered":"http:\/\/klavierlehrerfortbildung.de\/?page_id=50"},"modified":"2019-01-06T12:34:33","modified_gmt":"2019-01-06T12:34:33","slug":"sangmi-choi","status":"publish","type":"page","link":"https:\/\/klavierlehrerfortbildung.de\/?page_id=50","title":{"rendered":"Sangmi Choi"},"content":{"rendered":"<p align=\"left\"><span style=\"font-family: Times New Roman, serif;\"><span style=\"font-size: medium;\"><span lang=\"de-DE\">Sangmi Choi (*1986, Daejeon, S\u00fcdkorea) spielt seit ihrem vierten Lebensjahr Klavier.<\/span><\/span><\/span><\/p>\n<p align=\"left\"><span style=\"font-family: Times New Roman, serif;\"><span style=\"font-size: medium;\"><span lang=\"de-DE\">2007 kam sie nach Deutschland und nahm Unterricht bei Prof. Andreas Immer in Freiburg.<br \/>\n<\/span><\/span><\/span><span style=\"font-family: Times New Roman, serif;\"><span style=\"font-size: medium;\"><span lang=\"de-DE\">2008 begann sie ihr Bachelor-Studium Klavier bei Ulrike Meyer an der Hochschule f\u00fcr Musik in Karlsruhe, das sie im Februar 2012 mit p\u00e4dagogischem und k\u00fcnstlichem Schwerpunkt mit Auszeichnung abschloss.<br \/>\n<\/span><\/span><\/span><span style=\"font-family: Times New Roman, serif;\"><span style=\"font-size: medium;\"><span lang=\"de-DE\">2012-2014 absolvierte sie ihr Master-Doppelstudium Klavier bei Ulrike Meyer und Cembalo bei Kristian Nyquist.<br \/>\n<\/span><\/span><\/span><span style=\"font-family: Times New Roman, serif;\"><span style=\"font-size: medium;\"><span lang=\"de-DE\">Gleichzeitig studierte sie 2 Semester Master Neue Musik bei Prof. Bernhard Wambach an der Folkwang Universit\u00e4t der K\u00fcnste.<br \/>\n<\/span><\/span><\/span><span style=\"font-family: Times New Roman, serif;\"><span style=\"font-size: medium;\"><span lang=\"de-DE\">2014-2018 studierte sie zeitgen\u00f6ssische Musik Klavier und Cembalo auf Master bei Prof. Markus Stange und bei Kristian Nyquist an der Hochschule f\u00fcr Musik in Karlsruhe.<\/span><\/span><\/span><\/p>\n<p align=\"left\"><span style=\"font-family: Times New Roman, serif;\"><span style=\"font-size: medium;\"><span lang=\"de-DE\">Sie gewann zahlreiche Wettbewerbe: den 2.Preis bei \u201e16th Music Association of Korea\u201c und den 1.Preis bei \u201eCatholic Cultural Center\u201c(2004). den Sonderpreis der neuen Musikzeitung (nmz) f\u00fcr die beste Interpretation eines zeitgen\u00f6ssischen Werks beim C.Bechstein Hochschulwettbewerb(2011). den 1.Preis des Kulturfonds Baden Wettbewerbs f\u00fcr die Interpretation der Musik von Wolfgang Rihm(2016)<\/span><\/span><\/span><\/p>\n<p align=\"left\"><span style=\"font-family: Times New Roman, serif;\"><span style=\"font-size: medium;\"><span lang=\"de-DE\">Sie trat verschiedenen \u00f6ffentlichen Konzerten auf, wie zum Beispiel bei \u201eAproros Korea\u201c mit Musik von Isang Yun und an Kompositionsabenden der Klasse Prof. Wolfgang Rihm.<\/span><\/span><\/span><\/p>\n<p align=\"left\"><span style=\"font-family: Times New Roman, serif;\"><span style=\"font-size: medium;\"><span lang=\"de-DE\">Wichtige Impulse erhielt durch die Zusammenarbeit mit Komopnisten wie Helmut Lachenmann, Wolfgang Rihm, J\u00f6rg Widmann, Beat Furrer, Bruno Mantovani und Klarens Barlow.<\/span><\/span><\/span><\/p>\n<p align=\"left\"><span style=\"font-family: Times New Roman, serif;\"><span style=\"font-size: medium;\"><span lang=\"de-DE\">Sie nahm an verschiedenen Meisterkursen teil, unter anderem bei Bernd Glemser, Mathias Kirschnereit, Hugette Dreyfus, Andreas Staier, Christine Schornsheim bei der H\u00e4ndel-Akademie, Jean Pierre Colot und Klaus Steffes-Holl\u00e4nder bei Ensemble Reserche in der Ensemble Akademie Freiburg, in die sie aufgenommen wurde und Benjamin Kobler bei Stockhausenkurs 2017 in K\u00fcrten.<\/span><\/span><\/span><\/p>\n<p><img loading=\"lazy\" decoding=\"async\" class=\"alignnone size-full wp-image-152\" src=\"http:\/\/klavierlehrerfortbildung.de\/wp-content\/uploads\/2019\/01\/20181112_145838.jpg\" alt=\"\" width=\"4032\" height=\"2268\" srcset=\"https:\/\/klavierlehrerfortbildung.de\/wp-content\/uploads\/2019\/01\/20181112_145838.jpg 4032w, https:\/\/klavierlehrerfortbildung.de\/wp-content\/uploads\/2019\/01\/20181112_145838-300x169.jpg 300w, https:\/\/klavierlehrerfortbildung.de\/wp-content\/uploads\/2019\/01\/20181112_145838-768x432.jpg 768w, https:\/\/klavierlehrerfortbildung.de\/wp-content\/uploads\/2019\/01\/20181112_145838-1024x576.jpg 1024w, https:\/\/klavierlehrerfortbildung.de\/wp-content\/uploads\/2019\/01\/20181112_145838-356x200.jpg 356w\" sizes=\"auto, (max-width: 4032px) 100vw, 4032px\" \/><\/p>\n","protected":false},"excerpt":{"rendered":"<p>Sangmi Choi (*1986, Daejeon, S\u00fcdkorea) spielt seit ihrem vierten Lebensjahr Klavier. 2007 kam sie nach Deutschland und nahm Unterricht bei Prof. Andreas Immer in Freiburg. 2008 begann&hellip; <span class=\"read-more\"><a class=\"more-link\" href=\"https:\/\/klavierlehrerfortbildung.de\/?page_id=50\" rel=\"bookmark\"><span class=\"screen-reader-text\">&#8222;Sangmi Choi&#8220;<\/span> weiterlesen<\/a><\/span><\/p>\n","protected":false},"author":1,"featured_media":0,"parent":0,"menu_order":0,"comment_status":"closed","ping_status":"closed","template":"","meta":{"footnotes":""},"class_list":["post-50","page","type-page","status-publish","hentry"],"jetpack_sharing_enabled":true,"_links":{"self":[{"href":"https:\/\/klavierlehrerfortbildung.de\/index.php?rest_route=\/wp\/v2\/pages\/50","targetHints":{"allow":["GET"]}}],"collection":[{"href":"https:\/\/klavierlehrerfortbildung.de\/index.php?rest_route=\/wp\/v2\/pages"}],"about":[{"href":"https:\/\/klavierlehrerfortbildung.de\/index.php?rest_route=\/wp\/v2\/types\/page"}],"author":[{"embeddable":true,"href":"https:\/\/klavierlehrerfortbildung.de\/index.php?rest_route=\/wp\/v2\/users\/1"}],"replies":[{"embeddable":true,"href":"https:\/\/klavierlehrerfortbildung.de\/index.php?rest_route=%2Fwp%2Fv2%2Fcomments&post=50"}],"version-history":[{"count":3,"href":"https:\/\/klavierlehrerfortbildung.de\/index.php?rest_route=\/wp\/v2\/pages\/50\/revisions"}],"predecessor-version":[{"id":153,"href":"https:\/\/klavierlehrerfortbildung.de\/index.php?rest_route=\/wp\/v2\/pages\/50\/revisions\/153"}],"wp:attachment":[{"href":"https:\/\/klavierlehrerfortbildung.de\/index.php?rest_route=%2Fwp%2Fv2%2Fmedia&parent=50"}],"curies":[{"name":"wp","href":"https:\/\/api.w.org\/{rel}","templated":true}]}}