{"id":57,"date":"2018-02-18T17:00:14","date_gmt":"2018-02-18T17:00:14","guid":{"rendered":"http:\/\/klavierlehrerfortbildung.de\/?page_id=57"},"modified":"2022-04-09T07:47:48","modified_gmt":"2022-04-09T07:47:48","slug":"termine-unterricht","status":"publish","type":"page","link":"https:\/\/klavierlehrerfortbildung.de\/?page_id=57","title":{"rendered":"Termine\/Unterricht"},"content":{"rendered":"\n<p><strong>Seit Herbst 2021 bieten wir wieder Kurse f\u00fcr Musikschule an.<\/strong><\/p>\n\n\n\n<p><strong>Auf vielfachen Wunsch haben wir unser Seminar mit einem Praxisteil f\u00fcr die Kursteilnehmer*innen erg\u00e4nzt, mit Schwerpunkt auf J\u00e1t\u00e9kok von G. Kurt\u00e1g. <\/strong><\/p>\n\n\n\n<p><strong>Die Kosten und Termine sind individuell zu erfragen<\/strong>.<\/p>\n","protected":false},"excerpt":{"rendered":"<p>Seit Herbst 2021 bieten wir wieder Kurse f\u00fcr Musikschule an. Auf vielfachen Wunsch haben wir unser Seminar mit einem Praxisteil f\u00fcr die Kursteilnehmer*innen erg\u00e4nzt, mit Schwerpunkt auf&hellip; <span class=\"read-more\"><a class=\"more-link\" href=\"https:\/\/klavierlehrerfortbildung.de\/?page_id=57\" rel=\"bookmark\"><span class=\"screen-reader-text\">&#8222;Termine\/Unterricht&#8220;<\/span> weiterlesen<\/a><\/span><\/p>\n","protected":false},"author":1,"featured_media":0,"parent":0,"menu_order":0,"comment_status":"closed","ping_status":"closed","template":"","meta":{"footnotes":""},"class_list":["post-57","page","type-page","status-publish","hentry"],"jetpack_sharing_enabled":true,"_links":{"self":[{"href":"https:\/\/klavierlehrerfortbildung.de\/index.php?rest_route=\/wp\/v2\/pages\/57","targetHints":{"allow":["GET"]}}],"collection":[{"href":"https:\/\/klavierlehrerfortbildung.de\/index.php?rest_route=\/wp\/v2\/pages"}],"about":[{"href":"https:\/\/klavierlehrerfortbildung.de\/index.php?rest_route=\/wp\/v2\/types\/page"}],"author":[{"embeddable":true,"href":"https:\/\/klavierlehrerfortbildung.de\/index.php?rest_route=\/wp\/v2\/users\/1"}],"replies":[{"embeddable":true,"href":"https:\/\/klavierlehrerfortbildung.de\/index.php?rest_route=%2Fwp%2Fv2%2Fcomments&post=57"}],"version-history":[{"count":13,"href":"https:\/\/klavierlehrerfortbildung.de\/index.php?rest_route=\/wp\/v2\/pages\/57\/revisions"}],"predecessor-version":[{"id":278,"href":"https:\/\/klavierlehrerfortbildung.de\/index.php?rest_route=\/wp\/v2\/pages\/57\/revisions\/278"}],"wp:attachment":[{"href":"https:\/\/klavierlehrerfortbildung.de\/index.php?rest_route=%2Fwp%2Fv2%2Fmedia&parent=57"}],"curies":[{"name":"wp","href":"https:\/\/api.w.org\/{rel}","templated":true}]}}