{"id":6,"date":"2018-02-18T16:16:45","date_gmt":"2018-02-18T16:16:45","guid":{"rendered":"http:\/\/klavierlehrerfortbildung.de\/?page_id=6"},"modified":"2022-03-27T15:33:34","modified_gmt":"2022-03-27T15:33:34","slug":"home","status":"publish","type":"page","link":"https:\/\/klavierlehrerfortbildung.de\/","title":{"rendered":"HOME"},"content":{"rendered":"\n<figure class=\"wp-block-image size-large\"><img loading=\"lazy\" decoding=\"async\" width=\"1024\" height=\"293\" src=\"http:\/\/klavierlehrerfortbildung.de\/wp-content\/uploads\/2018\/02\/piano_v2_1400-1024x293.jpg\" alt=\"\" class=\"wp-image-83\" srcset=\"https:\/\/klavierlehrerfortbildung.de\/wp-content\/uploads\/2018\/02\/piano_v2_1400-1024x293.jpg 1024w, https:\/\/klavierlehrerfortbildung.de\/wp-content\/uploads\/2018\/02\/piano_v2_1400-300x86.jpg 300w, https:\/\/klavierlehrerfortbildung.de\/wp-content\/uploads\/2018\/02\/piano_v2_1400-768x219.jpg 768w, https:\/\/klavierlehrerfortbildung.de\/wp-content\/uploads\/2018\/02\/piano_v2_1400.jpg 1400w, https:\/\/klavierlehrerfortbildung.de\/wp-content\/uploads\/2018\/02\/piano_v2_1400-700x200.jpg 700w\" sizes=\"auto, (max-width: 1024px) 100vw, 1024px\" \/><\/figure>\n\n\n<h4 style=\"text-align: center;\">&#8222;Kreatives Spielen und Lernen<br \/>im Klavierunterricht&#8220;<\/h4>\n<h5 style=\"text-align: center;\">Eint\u00e4giges Fortbildungsseminar<br \/>f\u00fcr Klavier-P\u00e4dagog*innen<\/h5>\n<h5 style=\"text-align: center;\">Seit Herbst 2021 bieten wir wieder Kurse f\u00fcr Musikschulen an. <br \/>Bitte nehmen Sie wegen einer Terminvereinbarung Kontakt mit uns auf.<\/h5>\n<figure id=\"attachment_7\" aria-describedby=\"caption-attachment-7\" style=\"width: 300px\" class=\"wp-caption alignnone\"><img loading=\"lazy\" decoding=\"async\" class=\"size-medium wp-image-7\" src=\"http:\/\/klavierlehrerfortbildung.de\/wp-content\/uploads\/2018\/02\/big_33875987_0_400-300-300x225.png\" alt=\"Sabine Sch\u00e4fer, Karlsruhe\" width=\"300\" height=\"225\" srcset=\"https:\/\/klavierlehrerfortbildung.de\/wp-content\/uploads\/2018\/02\/big_33875987_0_400-300-300x225.png 300w, https:\/\/klavierlehrerfortbildung.de\/wp-content\/uploads\/2018\/02\/big_33875987_0_400-300-267x200.png 267w, https:\/\/klavierlehrerfortbildung.de\/wp-content\/uploads\/2018\/02\/big_33875987_0_400-300.png 400w\" sizes=\"auto, (max-width: 300px) 100vw, 300px\" \/><figcaption id=\"caption-attachment-7\" class=\"wp-caption-text\">Sabine Sch\u00e4fer, Karlsruhe<\/figcaption><\/figure>\n<h5 align=\"center\">Neu &#8211; \u00a0Kurs enth\u00e4lt zwei Praxisteile f\u00fcr die Kursteilnehmer*innen!<br \/>Mit Schwerpunkt auf J\u00e1t\u00e9kok von G. Kurt\u00e1g<\/h5>\n<h5 align=\"center\">\u00a0<\/h5>\n<p>\u00a0<\/p>\n\n\n<p><\/p>\n","protected":false},"excerpt":{"rendered":"<p>&#8222;Kreatives Spielen und Lernenim Klavierunterricht&#8220; Eint\u00e4giges Fortbildungsseminarf\u00fcr Klavier-P\u00e4dagog*innen Seit Herbst 2021 bieten wir wieder Kurse f\u00fcr Musikschulen an. Bitte nehmen Sie wegen einer Terminvereinbarung Kontakt mit uns&hellip; <span class=\"read-more\"><a class=\"more-link\" href=\"https:\/\/klavierlehrerfortbildung.de\/\" rel=\"bookmark\"><span class=\"screen-reader-text\">&#8222;HOME&#8220;<\/span> weiterlesen<\/a><\/span><\/p>\n","protected":false},"author":1,"featured_media":0,"parent":0,"menu_order":0,"comment_status":"closed","ping_status":"closed","template":"","meta":{"footnotes":""},"class_list":["post-6","page","type-page","status-publish","hentry"],"jetpack_sharing_enabled":true,"_links":{"self":[{"href":"https:\/\/klavierlehrerfortbildung.de\/index.php?rest_route=\/wp\/v2\/pages\/6","targetHints":{"allow":["GET"]}}],"collection":[{"href":"https:\/\/klavierlehrerfortbildung.de\/index.php?rest_route=\/wp\/v2\/pages"}],"about":[{"href":"https:\/\/klavierlehrerfortbildung.de\/index.php?rest_route=\/wp\/v2\/types\/page"}],"author":[{"embeddable":true,"href":"https:\/\/klavierlehrerfortbildung.de\/index.php?rest_route=\/wp\/v2\/users\/1"}],"replies":[{"embeddable":true,"href":"https:\/\/klavierlehrerfortbildung.de\/index.php?rest_route=%2Fwp%2Fv2%2Fcomments&post=6"}],"version-history":[{"count":29,"href":"https:\/\/klavierlehrerfortbildung.de\/index.php?rest_route=\/wp\/v2\/pages\/6\/revisions"}],"predecessor-version":[{"id":248,"href":"https:\/\/klavierlehrerfortbildung.de\/index.php?rest_route=\/wp\/v2\/pages\/6\/revisions\/248"}],"wp:attachment":[{"href":"https:\/\/klavierlehrerfortbildung.de\/index.php?rest_route=%2Fwp%2Fv2%2Fmedia&parent=6"}],"curies":[{"name":"wp","href":"https:\/\/api.w.org\/{rel}","templated":true}]}}