{"id":63,"date":"2018-02-18T17:03:12","date_gmt":"2018-02-18T17:03:12","guid":{"rendered":"http:\/\/klavierlehrerfortbildung.de\/?page_id=63"},"modified":"2021-10-02T15:14:57","modified_gmt":"2021-10-02T15:14:57","slug":"anmeldung","status":"publish","type":"page","link":"https:\/\/klavierlehrerfortbildung.de\/?page_id=63","title":{"rendered":"Kontakt"},"content":{"rendered":"<p style=\"margin: 0cm; margin-bottom: .0001pt; text-align: center;\" align=\"center\">Dipl. Mus.-P\u00e4d. Sabine Sch\u00e4fer<\/p>\n<p style=\"margin: 0cm; margin-bottom: .0001pt; text-align: center;\" align=\"center\">Liegnitzer Stra\u00dfe 4 B<\/p>\n<p style=\"margin: 0cm; margin-bottom: .0001pt; text-align: center;\" align=\"center\">76139 Karlsruhe<\/p>\n<p style=\"margin: 0cm; margin-bottom: .0001pt; text-align: center;\" align=\"center\">Telefon: (0721) 684 514<\/p>\n<p style=\"margin: 0cm; margin-bottom: .0001pt; text-align: center;\" align=\"center\">E-Mail: <a href=\"mailto:kreativ-unterrichten@sabineschaefer.de\">kreativ-unterrichten@sabineschaefer.de<\/a><\/p>\n\n\n<p><\/p>\n","protected":false},"excerpt":{"rendered":"<p>Dipl. Mus.-P\u00e4d. Sabine Sch\u00e4fer Liegnitzer Stra\u00dfe 4 B 76139 Karlsruhe Telefon: (0721) 684 514 E-Mail: kreativ-unterrichten@sabineschaefer.de<\/p>\n","protected":false},"author":1,"featured_media":0,"parent":0,"menu_order":0,"comment_status":"closed","ping_status":"closed","template":"","meta":{"footnotes":""},"class_list":["post-63","page","type-page","status-publish","hentry"],"jetpack_sharing_enabled":true,"_links":{"self":[{"href":"https:\/\/klavierlehrerfortbildung.de\/index.php?rest_route=\/wp\/v2\/pages\/63","targetHints":{"allow":["GET"]}}],"collection":[{"href":"https:\/\/klavierlehrerfortbildung.de\/index.php?rest_route=\/wp\/v2\/pages"}],"about":[{"href":"https:\/\/klavierlehrerfortbildung.de\/index.php?rest_route=\/wp\/v2\/types\/page"}],"author":[{"embeddable":true,"href":"https:\/\/klavierlehrerfortbildung.de\/index.php?rest_route=\/wp\/v2\/users\/1"}],"replies":[{"embeddable":true,"href":"https:\/\/klavierlehrerfortbildung.de\/index.php?rest_route=%2Fwp%2Fv2%2Fcomments&post=63"}],"version-history":[{"count":22,"href":"https:\/\/klavierlehrerfortbildung.de\/index.php?rest_route=\/wp\/v2\/pages\/63\/revisions"}],"predecessor-version":[{"id":212,"href":"https:\/\/klavierlehrerfortbildung.de\/index.php?rest_route=\/wp\/v2\/pages\/63\/revisions\/212"}],"wp:attachment":[{"href":"https:\/\/klavierlehrerfortbildung.de\/index.php?rest_route=%2Fwp%2Fv2%2Fmedia&parent=63"}],"curies":[{"name":"wp","href":"https:\/\/api.w.org\/{rel}","templated":true}]}}